{"id":1455,"date":"2018-07-27T11:36:45","date_gmt":"2018-07-27T11:36:45","guid":{"rendered":"http:\/\/www.registry.cardiffcouncilwebteam.co.uk\/renewal-of-vows\/"},"modified":"2024-06-19T12:28:42","modified_gmt":"2024-06-19T12:28:42","slug":"adnewyddu-llwon","status":"publish","type":"page","link":"https:\/\/www.cardiffregisteroffice.co.uk\/cy\/adnewyddu-llwon\/","title":{"rendered":"Adnewyddu Llwon"},"content":{"rendered":"<div class=\"wpb-content-wrapper\"><p>[vc_row bg_image=&#8221;332&#8243; class=&#8221;page_heading&#8221;][vc_column width=&#8221;1\/1&#8243;][vc_column_text el_class=&#8221;header_image&#8221;]<\/p>\n<h1>Adnewyddu Llwon<\/h1>\n<p>[\/vc_column_text][\/vc_column][\/vc_row][vc_row top_padding=&#8221;60&#8243; bottom_padding=&#8221;60&#8243; row_id=&#8221;city_hall_sketch&#8221;][vc_column width=&#8221;2\/3&#8243;][vc_column_text]Rydym yn falch o gynnig Seremon\u00efau Adnewyddu Llwon mewn partneriaeth \u00e2 <a href=\"http:\/\/www.civilceremonies.co.uk\/ceremonies\/renewal-of-marriage-vows\" target=\"_blank\" rel=\"noopener noreferrer\">Civil Ceremonies Ltd<\/a>.<\/p>\n<p>Mae seremon\u00efau yn para rhwng 15 munud a hanner awr yn dibynnu ar sut rydych yn dymuno llunio eich gwasanaeth. Mae croeso i westeion yn y seremoni. Byddwch hefyd angen gwahodd dau berson i fod yn dystion i chi\u2019n arwyddo\u2019r dystysgrif.<\/p>\n<p>Bydd gweinydd yn arwain y seremoni ond ni fydd ganddo gapasiti swyddogol, hyd yn oed os yw hefyd yn gweithio fel cofrestrydd.<\/p>\n<p>Gallwch gael eich seremoni mewn sawl gwahanol leoliad, gan gynnwys ein Swit Llandaf neu yn un o leoliadau cymeradwy Caerdydd.<\/p>\n<p>Ar gyfer unrhyw fath o ymholiadau, neu i drefn cyfarfod cyn y seremoni, cysylltwch \u00e2 ni.<\/p>\n<p>Bydd angen ichi ddangos eich tystysgrif priodas a thalu blaendal wrth archebu eich seremoni.<\/p>\n<p>Sylwer: Nid oes unrhyw statws cyfreithiol gan y llwon yn y seremoni na chyda\u2019r dystysgrif a roddir yn rhan o\u2019r seremoni ac nid ydynt yn rhwymo\u2019n gyfreithiol y rheiny sy\u2019n cymryd rhan.[\/vc_column_text]<div class=\"spacer\" style=\"height: 20px;\"><\/div><div class=\"spacer\" style=\"height: 40px;\"><\/div>[\/vc_column][\/vc_row]<\/p>\n<\/div>","protected":false},"excerpt":{"rendered":"<p>[vc_row bg_image=&#8221;332&#8243; class=&#8221;page_heading&#8221;][vc_column width=&#8221;1\/1&#8243;][vc_column_text el_class=&#8221;header_image&#8221;] Adnewyddu Llwon [\/vc_column_text][\/vc_column][\/vc_row][vc_row top_padding=&#8221;60&#8243; bottom_padding=&#8221;60&#8243; row_id=&#8221;city_hall_sketch&#8221;][vc_column width=&#8221;2\/3&#8243;][vc_column_text]Rydym yn falch o gynnig Seremon\u00efau Adnewyddu Llwon mewn partneriaeth \u00e2 Civil Ceremonies Ltd. Mae seremon\u00efau yn para rhwng 15 munud a hanner awr yn dibynnu ar sut rydych yn dymuno llunio eich gwasanaeth. Mae croeso i westeion yn y seremoni. Byddwch hefyd angen gwahodd dau berson i fod yn dystion i chi\u2019n arwyddo\u2019r dystysgrif. Bydd gweinydd yn arwain y seremoni ond ni fydd ganddo gapasiti swyddogol, hyd yn oed os yw hefyd yn gweithio fel cofrestrydd. Gallwch gael eich seremoni mewn sawl gwahanol leoliad, gan gynnwys ein Swit Llandaf neu yn un o leoliadau cymeradwy Caerdydd. Ar gyfer unrhyw fath o ymholiadau, neu i drefn cyfarfod cyn y seremoni, cysylltwch \u00e2 ni. Bydd angen ichi ddangos eich tystysgrif priodas a thalu blaendal wrth archebu eich seremoni. Sylwer: Nid oes unrhyw statws cyfreithiol gan y llwon yn y seremoni na chyda\u2019r dystysgrif a roddir yn rhan o\u2019r seremoni ac nid ydynt yn rhwymo\u2019n gyfreithiol y rheiny sy\u2019n cymryd rhan.[\/vc_column_text][\/vc_column][\/vc_row]<\/p>\n","protected":false},"author":9,"featured_media":0,"parent":0,"menu_order":0,"comment_status":"closed","ping_status":"closed","template":"","meta":{"_acf_changed":false,"footnotes":""},"class_list":["post-1455","page","type-page","status-publish","hentry"],"acf":[],"_links":{"self":[{"href":"https:\/\/www.cardiffregisteroffice.co.uk\/cy\/wp-json\/wp\/v2\/pages\/1455","targetHints":{"allow":["GET"]}}],"collection":[{"href":"https:\/\/www.cardiffregisteroffice.co.uk\/cy\/wp-json\/wp\/v2\/pages"}],"about":[{"href":"https:\/\/www.cardiffregisteroffice.co.uk\/cy\/wp-json\/wp\/v2\/types\/page"}],"author":[{"embeddable":true,"href":"https:\/\/www.cardiffregisteroffice.co.uk\/cy\/wp-json\/wp\/v2\/users\/9"}],"replies":[{"embeddable":true,"href":"https:\/\/www.cardiffregisteroffice.co.uk\/cy\/wp-json\/wp\/v2\/comments?post=1455"}],"version-history":[{"count":5,"href":"https:\/\/www.cardiffregisteroffice.co.uk\/cy\/wp-json\/wp\/v2\/pages\/1455\/revisions"}],"predecessor-version":[{"id":2520,"href":"https:\/\/www.cardiffregisteroffice.co.uk\/cy\/wp-json\/wp\/v2\/pages\/1455\/revisions\/2520"}],"wp:attachment":[{"href":"https:\/\/www.cardiffregisteroffice.co.uk\/cy\/wp-json\/wp\/v2\/media?parent=1455"}],"curies":[{"name":"wp","href":"https:\/\/api.w.org\/{rel}","templated":true}]}}