{"id":1433,"date":"2018-07-27T12:51:14","date_gmt":"2018-07-27T12:51:14","guid":{"rendered":"http:\/\/www.registry.cardiffcouncilwebteam.co.uk\/naming-ceremonies\/"},"modified":"2024-06-13T13:28:48","modified_gmt":"2024-06-13T13:28:48","slug":"seremoniau-enwi","status":"publish","type":"page","link":"https:\/\/www.cardiffregisteroffice.co.uk\/cy\/seremoniau-enwi\/","title":{"rendered":"Seremon\u00efau Enwi"},"content":{"rendered":"<div class=\"wpb-content-wrapper\"><p>[vc_row bg_image=&#8221;910&#8243; class=&#8221;page_heading&#8221;][vc_column width=&#8221;1\/1&#8243;][vc_column_text el_class=&#8221;header_image&#8221;]<\/p>\n<h1>Seremon\u00efau Enwi<\/h1>\n<p>[\/vc_column_text][\/vc_column][\/vc_row][vc_row top_padding=&#8221;60&#8243; bottom_padding=&#8221;120&#8243; class=&#8221;balloon_bg&#8221;][vc_column width=&#8221;2\/3&#8243;][vc_column_text]<\/p>\n<div class=\"customMain\" role=\"main\">\n<div class=\"s4-ca customMainRight\">\n<div class=\"customMainContent\">\n<div class=\"s4-notdlg\">\n<div id=\"skipmaincontent\">\n<p>Rydym yn falch o gynnig Seremon\u00efau Enwi mewn partneriaeth \u00e2 <a href=\"http:\/\/www.civilceremonies.co.uk\/ceremonies\/renewal-of-marriage-vows\" target=\"_blank\" rel=\"noopener noreferrer\">Civil Ceremonies Ltd<\/a>.<\/p>\n<p>Mae Seremoni Enwi yn rhoi cyfle i chi ddathlu genedigaeth plentyn neu groesawu plentyn mabwysiedig neu lysblant i\u2019ch teulu.<\/p>\n<p>Er bod seremon\u00efau bedyddio traddodiadol yn dal i fod yn boblogaidd, mae cynnydd yn y galw am seremoni amgen nad yw\u2019n grefyddol. Does dim rhaid i rieni fod yn briod a gallant fod o unrhyw gefndir diwylliannol, \u00e2 chredoau crefyddol neu ysbrydol ai peidio.<\/p>\n<p>Mae hyd y seremoni\u2019n dibynnu ar y math o wasanaeth a\u2019r gwahanol ddewisiadau rydych yn eu dewis. Rydym yn argymell eich bod yn neilltuo 30 munud ar gyfer eich digwyddiad arbennig.<\/p>\n<p>Mae pob seremoni\u2019n unigryw ac yn dibynnu ar y dewisiadau fyddwch yn eu gwneud o\u2019r opsiynau sydd ar gael. Mae hyn yn golygu y gallwch deilwra seremoni sy\u2019n arbennig i chi a\u2019ch teulu y byddwch yn ei chofio a\u2019i thrysori wrth i\u2019ch plant dyfu.<\/p>\n<\/div>\n<\/div>\n<\/div>\n<\/div>\n<\/div>\n<p>[\/vc_column_text][vc_row_inner][vc_column_inner el_class=&#8221;polaroid_image polaroid_left&#8221; width=&#8221;1\/2&#8243;]<div class=\"single_image wpb_content_element align-left    \" data-animation=\"none\" data-delay=\"0\"><img loading=\"lazy\" decoding=\"async\" width=\"600\" height=\"600\" src=\"https:\/\/www.cardiffregisteroffice.co.uk\/wp-content\/uploads\/Super_kid.jpg\" class=\"attachment-full\" alt=\"\" title=\"Super_kid\" srcset=\"https:\/\/www.cardiffregisteroffice.co.uk\/wp-content\/uploads\/Super_kid.jpg 600w, https:\/\/www.cardiffregisteroffice.co.uk\/wp-content\/uploads\/Super_kid-150x150.jpg 150w, https:\/\/www.cardiffregisteroffice.co.uk\/wp-content\/uploads\/Super_kid-300x300.jpg 300w, https:\/\/www.cardiffregisteroffice.co.uk\/wp-content\/uploads\/Super_kid-80x80.jpg 80w, https:\/\/www.cardiffregisteroffice.co.uk\/wp-content\/uploads\/Super_kid-500x500.jpg 500w\" sizes=\"auto, (max-width: 600px) 100vw, 600px\" \/><\/div>[\/vc_column_inner][vc_column_inner width=&#8221;1\/2&#8243;][vc_column_text]<\/p>\n<div class=\"customMain\" role=\"main\">\n<div class=\"s4-ca customMainRight\">\n<div class=\"customMainContent\">\n<div class=\"s4-notdlg\">\n<div id=\"skipmaincontent\">\n<p>Mae seremon\u00efau enwi yn rhoi\u2019r cyfle i chi:<\/p>\n<ul>\n<li>ddathlu rhoi enw i\u2019r plentyn neu\u2019r plant<\/li>\n<li>mynegi ymrwymiad i\u2019r plentyn. Mae rhiant\/rhieni yn ymrwymo i ofalu a charu am ei blentyn \/ eu plentyn o flaen teulu a ffrindiau<\/li>\n<li>croesawu\u2019r plentyn i\u2019r teulu a\u2019r gymuned. Mae perthnasau a gwesteion yn cyfarfod ac yn croesawu aelod newydd y teulu<\/li>\n<li>penodi mentoriaid neu oedolion cefnogol \u2013 yn debyg i enwebu rhieni bedydd. Gall teulu a ffrindiau addo i helpu a chefnogi\u2019r plentyn wrth iddo dyfu o fewn ei gymuned<\/li>\n<li>rhoi cyfle i fam-guod a thad-cuod wneud addewidion i gefnogi\u2019r rheini wrth fagu eu h\u0175yr neu wyres newydd.<\/li>\n<\/ul>\n<p>&nbsp;<\/p>\n<\/div>\n<p>Am bob ymholiad yngl\u0177n \u00e2 seremon\u00efau enwi neu i drefnu cyfarfod cyn y seremoni, anfonwch e-bost atom yn <a href=\"mailto:seremoniau@caerdydd.gov.uk\">seremoniau@caerdydd.gov.uk<\/a> neu ffoniwch y swyddfa ar 029 2087 1680.<\/p>\n<\/div>\n<\/div>\n<\/div>\n<\/div>\n<p>[\/vc_column_text][\/vc_column_inner][\/vc_row_inner][vc_row_inner][vc_column_inner el_class=&#8221;polaroid_image polaroid_right&#8221; width=&#8221;1\/2&#8243;]<div class=\"single_image wpb_content_element align-left    \" data-animation=\"none\" data-delay=\"0\"><img loading=\"lazy\" decoding=\"async\" width=\"600\" height=\"600\" src=\"https:\/\/www.cardiffregisteroffice.co.uk\/wp-content\/uploads\/cakes.jpg\" class=\"attachment-full\" alt=\"\" title=\"cakes\" srcset=\"https:\/\/www.cardiffregisteroffice.co.uk\/wp-content\/uploads\/cakes.jpg 600w, https:\/\/www.cardiffregisteroffice.co.uk\/wp-content\/uploads\/cakes-150x150.jpg 150w, https:\/\/www.cardiffregisteroffice.co.uk\/wp-content\/uploads\/cakes-300x300.jpg 300w, https:\/\/www.cardiffregisteroffice.co.uk\/wp-content\/uploads\/cakes-80x80.jpg 80w, https:\/\/www.cardiffregisteroffice.co.uk\/wp-content\/uploads\/cakes-500x500.jpg 500w\" sizes=\"auto, (max-width: 600px) 100vw, 600px\" \/><\/div>[vc_column_text]<\/p>\n<p style=\"text-align: center;\">Amser parti!<\/p>\n<p>[\/vc_column_text][\/vc_column_inner][\/vc_row_inner]<div class=\"spacer\" style=\"height: 40px;\"><\/div>[vc_column_text][\/vc_column_text][\/vc_column][vc_column el_class=&#8221;see_also&#8221; width=&#8221;1\/3&#8243;]<h2 class=\"headline font-inherit fontsize-inherit fontweight-inherit lh-inherit align-left transform-inherit \" style=\"margin: 0 0 20px 0;\">Gweler hefyd<\/h2>[vc_column_text]<a href=\"\/cy\/swyddfa-gofrestru\/\">Swyddfa Gofrestru<\/a>[\/vc_column_text][vc_column_text]<a href=\"\/cy\/lleoliadau-cymeradwy\/\">Lleoliadau Cymeradwy<\/a>[\/vc_column_text][vc_column_text]<a href=\"\/cy\/genedigaeth\/\">Cofrestru Genedigaeth<\/a>[\/vc_column_text][\/vc_column][\/vc_row]<\/p>\n<\/div>","protected":false},"excerpt":{"rendered":"<p>[vc_row bg_image=&#8221;910&#8243; class=&#8221;page_heading&#8221;][vc_column width=&#8221;1\/1&#8243;][vc_column_text el_class=&#8221;header_image&#8221;] Seremon\u00efau Enwi [\/vc_column_text][\/vc_column][\/vc_row][vc_row top_padding=&#8221;60&#8243; bottom_padding=&#8221;120&#8243; class=&#8221;balloon_bg&#8221;][vc_column width=&#8221;2\/3&#8243;][vc_column_text] Rydym yn falch o gynnig Seremon\u00efau Enwi mewn partneriaeth \u00e2 Civil Ceremonies Ltd. Mae Seremoni Enwi yn rhoi cyfle i chi ddathlu genedigaeth plentyn neu groesawu plentyn mabwysiedig neu lysblant i\u2019ch teulu. Er bod seremon\u00efau bedyddio traddodiadol yn dal i fod yn boblogaidd, mae cynnydd yn y galw am seremoni amgen nad yw\u2019n grefyddol. Does dim rhaid i rieni fod yn briod a gallant fod o unrhyw gefndir diwylliannol, \u00e2 chredoau crefyddol neu ysbrydol ai peidio. Mae hyd y seremoni\u2019n dibynnu ar y math o wasanaeth a\u2019r gwahanol ddewisiadau rydych yn eu dewis. Rydym yn argymell eich bod yn neilltuo 30 munud ar gyfer eich digwyddiad arbennig. Mae pob seremoni\u2019n unigryw ac yn dibynnu ar y dewisiadau fyddwch yn eu gwneud o\u2019r opsiynau sydd ar gael. Mae hyn yn golygu y gallwch deilwra seremoni sy\u2019n arbennig i chi a\u2019ch teulu y byddwch yn ei chofio a\u2019i thrysori wrth i\u2019ch plant dyfu. [\/vc_column_text][vc_row_inner][vc_column_inner el_class=&#8221;polaroid_image polaroid_left&#8221; width=&#8221;1\/2&#8243;][\/vc_column_inner][vc_column_inner width=&#8221;1\/2&#8243;][vc_column_text] Mae seremon\u00efau enwi yn rhoi\u2019r cyfle i chi: ddathlu rhoi enw i\u2019r plentyn neu\u2019r plant mynegi ymrwymiad i\u2019r plentyn. Mae rhiant\/rhieni yn ymrwymo i ofalu a charu am ei blentyn \/ eu [&hellip;]<\/p>\n","protected":false},"author":9,"featured_media":0,"parent":0,"menu_order":0,"comment_status":"closed","ping_status":"closed","template":"","meta":{"_acf_changed":false,"footnotes":""},"class_list":["post-1433","page","type-page","status-publish","hentry"],"acf":[],"_links":{"self":[{"href":"https:\/\/www.cardiffregisteroffice.co.uk\/cy\/wp-json\/wp\/v2\/pages\/1433","targetHints":{"allow":["GET"]}}],"collection":[{"href":"https:\/\/www.cardiffregisteroffice.co.uk\/cy\/wp-json\/wp\/v2\/pages"}],"about":[{"href":"https:\/\/www.cardiffregisteroffice.co.uk\/cy\/wp-json\/wp\/v2\/types\/page"}],"author":[{"embeddable":true,"href":"https:\/\/www.cardiffregisteroffice.co.uk\/cy\/wp-json\/wp\/v2\/users\/9"}],"replies":[{"embeddable":true,"href":"https:\/\/www.cardiffregisteroffice.co.uk\/cy\/wp-json\/wp\/v2\/comments?post=1433"}],"version-history":[{"count":5,"href":"https:\/\/www.cardiffregisteroffice.co.uk\/cy\/wp-json\/wp\/v2\/pages\/1433\/revisions"}],"predecessor-version":[{"id":2463,"href":"https:\/\/www.cardiffregisteroffice.co.uk\/cy\/wp-json\/wp\/v2\/pages\/1433\/revisions\/2463"}],"wp:attachment":[{"href":"https:\/\/www.cardiffregisteroffice.co.uk\/cy\/wp-json\/wp\/v2\/media?parent=1433"}],"curies":[{"name":"wp","href":"https:\/\/api.w.org\/{rel}","templated":true}]}}