{"id":1374,"date":"2018-01-08T13:00:43","date_gmt":"2018-01-08T13:00:43","guid":{"rendered":"http:\/\/www.registry.cardiffcouncilwebteam.co.uk\/register-office\/"},"modified":"2026-03-24T11:41:03","modified_gmt":"2026-03-24T11:41:03","slug":"swyddfa-gofrestru","status":"publish","type":"page","link":"https:\/\/www.cardiffregisteroffice.co.uk\/cy\/swyddfa-gofrestru\/","title":{"rendered":"Swyddfa Gofrestru"},"content":{"rendered":"<div class=\"wpb-content-wrapper\"><p>[vc_row bg_image=&#8221;2475&#8243; class=&#8221;page_heading&#8221;][vc_column width=&#8221;1\/1&#8243;][vc_column_text el_class=&#8221;header_image&#8221;]<\/p>\n<h1>Swyddfa Gofrestru Caerdydd<\/h1>\n<p>[\/vc_column_text][\/vc_column][\/vc_row][vc_row][vc_column width=&#8221;1\/1&#8243;][vc_empty_space height=&#8221;50px&#8221;][vc_column_text]Mae Gwasanaeth Cofrestru Caerdydd wedi\u2019i leoli yn Archifdy Morgannwg, Lecwydd, Caerdydd. Beth bynnag sydd gennych mewn golwg ar gyfer eich diwrnod arbennig, byddwn yn gwneud popeth o fewn ein gallu i ddiwallu eich dymuniadau.<\/p>\n<p>Mae gennym ddewis o ystafelloedd seremoni ar gael ar gyfer dathlu priodasau a phartneriaethau sifil, seremon\u00efau enwi neu adnewyddu addunedau.<\/p>\n<p>&nbsp;<\/p>\n<h2><strong>Seremon\u00efau Syml ac Agos-\u00e2-galon<\/strong><\/h2>\n<p>I gyplau sy\u2019n dymuno cyfnewid eu haddewidion cyfreithiol a\u2019u modrwyau mewn seremoni fach a chynnes gyda dim ond dau dyst, mae\u2019r Swyddfa Gofrestru yn Archifdy Morgannwg yn ddewis delfrydol.<\/p>\n<ul>\n<li><strong>Ar gael ar ddydd Llun<\/strong><\/li>\n<li><strong>Ffi:<\/strong> \u00a374.50 (yn cynnwys un dystysgrif)<\/li>\n<\/ul>\n<p>&nbsp;<\/p>\n<p>Am rhagor o wybodaeth neu i ddechrau cynllunio eich diwrnod cofiadwy, cysylltwch \u00e2 ni ar: <a href=\"mailto:seremoniau@caerdydd.gov.uk\">seremoniau@caerdydd.gov.uk<\/a>[\/vc_column_text][vc_empty_space height=&#8221;50px&#8221;][\/vc_column][\/vc_row][vc_row bg_color=&#8221;#F6F6F6&#8243; top_padding=&#8221;50&#8243; bottom_padding=&#8221;50&#8243;][vc_column width=&#8221;1\/4&#8243;]<div class=\"single_image wpb_content_element align-left    \" data-animation=\"none\" data-delay=\"0\"><a href=\"\/register-office\/llandaffsuite\/\" target=\"_self\"><img loading=\"lazy\" decoding=\"async\" width=\"1200\" height=\"900\" src=\"https:\/\/www.cardiffregisteroffice.co.uk\/wp-content\/uploads\/Insole-Court-garden-side.jpg\" class=\"attachment-full\" alt=\"\" title=\"Insole Court - garden side\" srcset=\"https:\/\/www.cardiffregisteroffice.co.uk\/wp-content\/uploads\/Insole-Court-garden-side.jpg 1200w, https:\/\/www.cardiffregisteroffice.co.uk\/wp-content\/uploads\/Insole-Court-garden-side-300x225.jpg 300w, https:\/\/www.cardiffregisteroffice.co.uk\/wp-content\/uploads\/Insole-Court-garden-side-1024x768.jpg 1024w, https:\/\/www.cardiffregisteroffice.co.uk\/wp-content\/uploads\/Insole-Court-garden-side-768x576.jpg 768w\" sizes=\"auto, (max-width: 1200px) 100vw, 1200px\" \/><\/a><\/div>[\/vc_column][vc_column width=&#8221;3\/4&#8243;][vc_custom_heading text=&#8221;Seremon\u00efau Swyddfa Gofrestru yn Llys Insole \u2013 Sw\u00eet Llandaf&#8221; font_container=&#8221;tag:h2|font_size:25|text_align:left&#8221; google_fonts=&#8221;font_family:Alice%3Aregular|font_style:400%20regular%3A400%3Anormal&#8221; css=&#8221;&#8221;][vc_column_text]Rydym hefyd yn falch o gallu cynnig seremon\u00efau ar gyfer mwy o gwesteion yn Sw\u00eet Llandaf yn <a href=\"https:\/\/www.cardiffregisteroffice.co.uk\/cy\/swyddfa-gofrestru\/switllandaf\/\">Llys Insole<\/a>[\/vc_column_text][\/vc_column][\/vc_row]<\/p>\n<\/div>","protected":false},"excerpt":{"rendered":"<p>[vc_row bg_image=&#8221;2475&#8243; class=&#8221;page_heading&#8221;][vc_column width=&#8221;1\/1&#8243;][vc_column_text el_class=&#8221;header_image&#8221;] Swyddfa Gofrestru Caerdydd [\/vc_column_text][\/vc_column][\/vc_row][vc_row][vc_column width=&#8221;1\/1&#8243;][vc_empty_space height=&#8221;50px&#8221;][vc_column_text]Mae Gwasanaeth Cofrestru Caerdydd wedi\u2019i leoli yn Archifdy Morgannwg, Lecwydd, Caerdydd. Beth bynnag sydd gennych mewn golwg ar gyfer eich diwrnod arbennig, byddwn yn gwneud popeth o fewn ein gallu i ddiwallu eich dymuniadau. Mae gennym ddewis o ystafelloedd seremoni ar gael ar gyfer dathlu priodasau a phartneriaethau sifil, seremon\u00efau enwi neu adnewyddu addunedau. &nbsp; Seremon\u00efau Syml ac Agos-\u00e2-galon I gyplau sy\u2019n dymuno cyfnewid eu haddewidion cyfreithiol a\u2019u modrwyau mewn seremoni fach a chynnes gyda dim ond dau dyst, mae\u2019r Swyddfa Gofrestru yn Archifdy Morgannwg yn ddewis delfrydol. Ar gael ar ddydd Llun Ffi: \u00a374.50 (yn cynnwys un dystysgrif) &nbsp; Am rhagor o wybodaeth neu i ddechrau cynllunio eich diwrnod cofiadwy, cysylltwch \u00e2 ni ar: seremoniau@caerdydd.gov.uk[\/vc_column_text][vc_empty_space height=&#8221;50px&#8221;][\/vc_column][\/vc_row][vc_row bg_color=&#8221;#F6F6F6&#8243; top_padding=&#8221;50&#8243; bottom_padding=&#8221;50&#8243;][vc_column width=&#8221;1\/4&#8243;][\/vc_column][vc_column width=&#8221;3\/4&#8243;][vc_custom_heading text=&#8221;Seremon\u00efau Swyddfa Gofrestru yn Llys Insole \u2013 Sw\u00eet Llandaf&#8221; font_container=&#8221;tag:h2|font_size:25|text_align:left&#8221; google_fonts=&#8221;font_family:Alice%3Aregular|font_style:400%20regular%3A400%3Anormal&#8221; css=&#8221;&#8221;][vc_column_text]Rydym hefyd yn falch o gallu cynnig seremon\u00efau ar gyfer mwy o gwesteion yn Sw\u00eet Llandaf yn Llys Insole[\/vc_column_text][\/vc_column][\/vc_row]<\/p>\n","protected":false},"author":9,"featured_media":0,"parent":0,"menu_order":0,"comment_status":"closed","ping_status":"closed","template":"","meta":{"_acf_changed":false,"footnotes":""},"class_list":["post-1374","page","type-page","status-publish","hentry"],"acf":[],"_links":{"self":[{"href":"https:\/\/www.cardiffregisteroffice.co.uk\/cy\/wp-json\/wp\/v2\/pages\/1374","targetHints":{"allow":["GET"]}}],"collection":[{"href":"https:\/\/www.cardiffregisteroffice.co.uk\/cy\/wp-json\/wp\/v2\/pages"}],"about":[{"href":"https:\/\/www.cardiffregisteroffice.co.uk\/cy\/wp-json\/wp\/v2\/types\/page"}],"author":[{"embeddable":true,"href":"https:\/\/www.cardiffregisteroffice.co.uk\/cy\/wp-json\/wp\/v2\/users\/9"}],"replies":[{"embeddable":true,"href":"https:\/\/www.cardiffregisteroffice.co.uk\/cy\/wp-json\/wp\/v2\/comments?post=1374"}],"version-history":[{"count":49,"href":"https:\/\/www.cardiffregisteroffice.co.uk\/cy\/wp-json\/wp\/v2\/pages\/1374\/revisions"}],"predecessor-version":[{"id":2981,"href":"https:\/\/www.cardiffregisteroffice.co.uk\/cy\/wp-json\/wp\/v2\/pages\/1374\/revisions\/2981"}],"wp:attachment":[{"href":"https:\/\/www.cardiffregisteroffice.co.uk\/cy\/wp-json\/wp\/v2\/media?parent=1374"}],"curies":[{"name":"wp","href":"https:\/\/api.w.org\/{rel}","templated":true}]}}